{"id":68,"date":"2018-09-23T18:27:28","date_gmt":"2018-09-23T18:27:28","guid":{"rendered":"http:\/\/asjhunedoara.ro\/wp\/?page_id=68"},"modified":"2022-04-11T15:36:35","modified_gmt":"2022-04-11T15:36:35","slug":"acasa","status":"publish","type":"page","link":"https:\/\/asjhunedoara.ro\/","title":{"rendered":"Acasa"},"content":{"rendered":"<div id=\"amazingslider_customtexteffect_1\" style=\"display:none;\">{\"Bottom bar\":{\"textstyle\":\"static\",\"textpositionstatic\":\"bottom\",\"textautohide\":true,\"textpositionmarginstatic\":0,\"textpositiondynamic\":\"bottomleft\",\"textpositionmarginleft\":24,\"textpositionmarginright\":24,\"textpositionmargintop\":24,\"textpositionmarginbottom\":24,\"texteffect\":\"slide\",\"texteffecteasing\":\"easeOutCubic\",\"texteffectduration\":600,\"texteffectslidedirection\":\"left\",\"texteffectslidedistance\":30,\"texteffectdelay\":500,\"texteffectseparate\":false,\"texteffect1\":\"slide\",\"texteffectslidedirection1\":\"right\",\"texteffectslidedistance1\":120,\"texteffecteasing1\":\"easeOutCubic\",\"texteffectduration1\":600,\"texteffectdelay1\":1000,\"texteffect2\":\"slide\",\"texteffectslidedirection2\":\"right\",\"texteffectslidedistance2\":120,\"texteffecteasing2\":\"easeOutCubic\",\"texteffectduration2\":600,\"texteffectdelay2\":1500,\"textcss\":\"display:block; padding:12px; text-align:left;\",\"textbgcss\":\"display:block; position:absolute; top:0px; left:0px; width:100%; height:100%; background-color:#333333; opacity:0.6; filter:alpha(opacity=60);\",\"titlecss\":\"display:block; position:relative; font:bold 14px Georgia,serif,Arial; color:#fff;\",\"descriptioncss\":\"display:block; position:relative; font:12px Georgia,serif,Arial; color:#fff; margin-top:8px;\",\"buttoncss\":\"display:block; position:relative; margin-top:8px;\",\"texteffectresponsive\":true,\"texteffectresponsivesize\":640,\"titlecssresponsive\":\"font-size:12px;\",\"descriptioncssresponsive\":\"display:none !important;\",\"buttoncssresponsive\":\"\",\"addgooglefonts\":false,\"googlefonts\":\"\",\"textleftrightpercentforstatic\":40},\"Color box\":{\"textstyle\":\"dynamic\",\"textpositionstatic\":\"bottom\",\"textautohide\":true,\"textpositionmarginstatic\":0,\"textpositiondynamic\":\"bottomleft\",\"textpositionmarginleft\":24,\"textpositionmarginright\":24,\"textpositionmargintop\":24,\"textpositionmarginbottom\":24,\"texteffect\":\"slide\",\"texteffecteasing\":\"easeOutCubic\",\"texteffectduration\":600,\"texteffectslidedirection\":\"left\",\"texteffectslidedistance\":30,\"texteffectdelay\":500,\"texteffectseparate\":true,\"texteffect1\":\"slide\",\"texteffectslidedirection1\":\"right\",\"texteffectslidedistance1\":120,\"texteffecteasing1\":\"easeOutCubic\",\"texteffectduration1\":600,\"texteffectdelay1\":1000,\"texteffect2\":\"slide\",\"texteffectslidedirection2\":\"right\",\"texteffectslidedistance2\":120,\"texteffecteasing2\":\"easeOutCubic\",\"texteffectduration2\":600,\"texteffectdelay2\":1500,\"textcss\":\"display:block; padding:8px 16px; text-align:left;\",\"textbgcss\":\"display:none;\",\"titlecss\":\"display:table; position:relative; font:bold 14px Georgia,serif,Arial; color:#fff; white-space:nowrap; background-color:#f7a020; padding:10px;\",\"descriptioncss\":\"display:block; position:relative; font:12px Georgia,serif,Arial; color:#fff;  background-color:#e04000; margin-top:10px; padding:10px;\",\"buttoncss\":\"display:block; position:relative; margin-top:10px;\",\"texteffectresponsive\":true,\"texteffectresponsivesize\":640,\"titlecssresponsive\":\"font-size:12px;\",\"descriptioncssresponsive\":\"display:none !important;\",\"buttoncssresponsive\":\"\",\"addgooglefonts\":false,\"googlefonts\":\"\",\"textleftrightpercentforstatic\":40}}<\/div><div class=\"wonderpluginslider-container\" id=\"wonderpluginslider-container-1\" style=\"max-width:930px;margin:0 auto;padding-left:0px;padding-right:0px;padding-top:0px;padding-bottom:0px;\"><div class=\"wonderpluginslider\" id=\"wonderpluginslider-1\" data-sliderid=\"1\" data-width=\"930\" data-height=\"320\" data-skin=\"cube\" data-autoplay=\"true\" data-randomplay=\"false\" data-loadimageondemand=\"false\" data-transitiononfirstslide=\"false\" data-autoplayvideo=\"false\" data-isresponsive=\"true\" data-fullwidth=\"false\" data-isfullscreen=\"false\" data-ratioresponsive=\"false\" data-showtext=\"false\" data-showtimer=\"true\" data-showbottomshadow=\"true\" data-navshowpreview=\"true\" data-textautohide=\"true\" data-pauseonmouseover=\"false\" data-lightboxresponsive=\"true\" data-lightboxshownavigation=\"false\" data-lightboxshowtitle=\"true\" data-lightboxshowdescription=\"false\" data-texteffectresponsive=\"true\" data-donotinit=\"false\" data-addinitscript=\"false\" data-lightboxfullscreenmode=\"false\" data-lightboxcloseonoverlay=\"true\" data-lightboxvideohidecontrols=\"false\" data-lightboxnogroup=\"false\" data-shownav=\"true\" data-navthumbresponsive=\"false\" data-navshowfeaturedarrow=\"false\" data-lightboxshowsocial=\"false\" data-lightboxshowfacebook=\"true\" data-lightboxshowtwitter=\"true\" data-lightboxshowpinterest=\"true\" data-lightboxsocialrotateeffect=\"true\" data-showsocial=\"false\" data-showfacebook=\"true\" data-showtwitter=\"true\" data-showpinterest=\"true\" data-socialrotateeffect=\"true\" data-disableinlinecss=\"false\" data-triggerresize=\"false\" data-lightboxautoslide=\"false\" data-lightboxshowtimer=\"true\" data-lightboxshowplaybutton=\"true\" data-lightboxalwaysshownavarrows=\"false\" data-lightboxshowtitleprefix=\"true\" data-titleusealt=\"false\" data-scalemode=\"fill\" data-arrowstyle=\"always\" data-transition=\"fade,fadeoutfadein,slide\" data-loop=\"0\" data-border=\"0\" data-slideinterval=\"2000\" data-arrowimage=\"arrows-36-80-0.png\" data-arrowwidth=\"36\" data-arrowheight=\"80\" data-arrowtop=\"50\" data-arrowmargin=\"-18\" data-navstyle=\"bullets\" data-navimage=\"bullet-24-24-1.png\" data-navwidth=\"24\" data-navheight=\"24\" data-navspacing=\"8\" data-navmarginx=\"16\" data-navmarginy=\"16\" data-navposition=\"bottom\" data-navthumbnavigationstyle=\"arrow\" data-navthumbnavigationarrowimage=\"carouselarrows-32-32-0.png\" data-navthumbnavigationarrowimagewidth=\"32\" data-navthumbnavigationarrowimageheight=\"32\" data-playvideoimage=\"playvideo-64-64-0.png\" data-playvideoimagewidth=\"64\" data-playvideoimageheight=\"64\" data-lightboxthumbwidth=\"90\" data-lightboxthumbheight=\"60\" data-lightboxthumbtopmargin=\"12\" data-lightboxthumbbottommargin=\"4\" data-lightboxbarheight=\"64\" data-lightboxtitlebottomcss=\"color:#333; font-size:14px; font-family:Armata,sans-serif,Arial; overflow:hidden; text-align:left;\" data-lightboxdescriptionbottomcss=\"color:#333; font-size:12px; font-family:Arial,Helvetica,sans-serif; overflow:hidden; text-align:left; margin:4px 0px 0px; padding: 0px;\" data-textformat=\"Color box\" data-textpositionstatic=\"bottom\" data-textpositiondynamic=\"bottomleft\" data-paddingleft=\"0\" data-paddingright=\"0\" data-paddingtop=\"0\" data-paddingbottom=\"0\" data-texteffectresponsivesize=\"640\" data-textleftrightpercentforstatic=\"40\" data-fadeduration=\"1000\" data-crossfadeduration=\"1000\" data-fadeoutfadeinduration=\"2000\" data-slideduration=\"1000\" data-elasticduration=\"1000\" data-sliceduration=\"1500\" data-blindsduration=\"1500\" data-blocksduration=\"1500\" data-shuffleduration=\"1500\" data-tilesduration=\"2000\" data-kenburnsduration=\"5000\" data-flipduration=\"1500\" data-flipwithzoomduration=\"2000\" data-threedduration=\"1500\" data-threedhorizontalduration=\"1500\" data-threedwithzoomduration=\"2500\" data-threedhorizontalwithzoomduration=\"2200\" data-threedflipduration=\"1500\" data-threedflipwithzoomduration=\"2000\" data-threedtilesduration=\"2000\" data-threedfallback=\"flip\" data-threedhorizontalfallback=\"flip\" data-threedwithzoomfallback=\"flipwithzoom\" data-threedhorizontalwithzoomfallback=\"flipwithzoom\" data-threedflipfallback=\"flip\" data-threedflipwithzoomfallback=\"flipwithzoom\" data-threedtilesfallback=\"tiles\" data-ratiomediumscreen=\"800\" data-ratiomediumheight=\"1.2\" data-ratiosmallscreen=\"480\" data-ratiosmallheight=\"1.6\" data-socialmode=\"mouseover\" data-socialposition=\"position:absolute;top:8px;right:8px;\" data-socialpositionsmallscreen=\"position:absolute;top:8px;right:8px;\" data-socialdirection=\"horizontal\" data-socialbuttonsize=\"32\" data-socialbuttonfontsize=\"18\" data-navthumbcolumn=\"5\" data-navthumbtitleheight=\"20\" data-navthumbtitlewidth=\"120\" data-navthumbresponsivemode=\"samesize\" data-navthumbstyle=\"imageonly\" data-navthumbmediumsize=\"900\" data-navthumbmediumwidth=\"64\" data-navthumbmediumheight=\"64\" data-navthumbmediumcolumn=\"4\" data-navthumbmediumtitleheight=\"18\" data-navthumbmediumtitlewidth=\"120\" data-navthumbsmallsize=\"600\" data-navthumbsmallwidth=\"48\" data-navthumbsmallheight=\"48\" data-navthumbsmallcolumn=\"3\" data-navthumbsmalltitleheight=\"18\" data-navthumbsmalltitlewidth=\"120\" data-lightboxsocialposition=\"position:absolute;top:100%;right:0;\" data-lightboxsocialpositionsmallscreen=\"position:absolute;top:100%;right:0;left:0;\" data-lightboxsocialdirection=\"horizontal\" data-lightboxsocialbuttonsize=\"32\" data-lightboxsocialbuttonfontsize=\"18\" data-lightboxtitlestyle=\"bottom\" data-lightboximagepercentage=\"75\" data-lightboxdefaultvideovolume=\"1\" data-lightboxoverlaybgcolor=\"#000\" data-lightboxoverlayopacity=\"0.9\" data-lightboxbgcolor=\"#fff\" data-lightboxtitleprefix=\"%NUM \/ %TOTAL\" data-lightboxtitleinsidecss=\"color:#fff; font-size:16px; font-family:Arial,Helvetica,sans-serif; overflow:hidden; text-align:left;\" data-lightboxdescriptioninsidecss=\"color:#fff; font-size:12px; font-family:Arial,Helvetica,sans-serif; overflow:hidden; text-align:left; margin:4px 0px 0px; padding: 0px;\" data-triggerresizedelay=\"100\" data-lightboxslideinterval=\"5000\" data-lightboxtimerposition=\"bottom\" data-lightboxtimercolor=\"#dc572e\" data-lightboxtimeropacity=\"1\" data-lightboxbordersize=\"8\" data-lightboxborderradius=\"0\" data-textcss=\"display:block; padding:8px 16px; text-align:left;\" data-textbgcss=\"display:none;\" data-titlecss=\"display:table; position:relative; font:bold 14px Georgia,serif,Arial; color:#fff; white-space:nowrap; background-color:#f7a020; padding:10px;\" data-descriptioncss=\"display:block; position:relative; font:12px Georgia,serif,Arial; color:#fff;  background-color:#e04000; margin-top:10px; padding:10px;\" data-buttoncss=\"display:block; position:relative; margin-top:10px;\" data-titlecssresponsive=\"font-size:12px;\" data-descriptioncssresponsive=\"display:none !important;\" data-buttoncssresponsive=\"\" data-jsfolder=\"https:\/\/asjhunedoara.ro\/wp-content\/plugins\/wonderplugin-slider-lite\/engine\/\" style=\"display:none;\" ><ul class=\"amazingslider-slides\"  style=\"display:none;\"><li><img class=\"amazingsliderimg\" src=\"http:\/\/asjhunedoara.ro\/wp\/wp-content\/uploads\/2018\/09\/slide1crop.jpg\" alt=\"slide1crop\" title=\"slide1crop\" data-description=\"\" \/><\/li><li><img class=\"amazingsliderimg\" src=\"http:\/\/asjhunedoara.ro\/wp\/wp-content\/uploads\/2018\/09\/slide2crop.jpg\" alt=\"Pet Adoption\" title=\"Pet Adoption\" data-description=\"\" \/><\/li><li><img class=\"amazingsliderimg\" src=\"http:\/\/asjhunedoara.ro\/wp\/wp-content\/uploads\/2018\/09\/slide3crop-1.jpg\" alt=\"slide3crop\" title=\"slide3crop\" data-description=\"\" \/><\/li><li><img class=\"amazingsliderimg\" src=\"http:\/\/asjhunedoara.ro\/wp\/wp-content\/uploads\/2018\/09\/slide-main-crop-3.jpg\" alt=\"Pet Adoption\" title=\"Pet Adoption\" data-description=\"\" \/><\/li><li><img class=\"amazingsliderimg\" src=\"https:\/\/img.youtube.com\/vi\/N5W2jqKWBUk\/0.jpg\" alt=\"\" title=\"\" data-description=\"\" \/><video preload=\"none\" src=\"https:\/\/www.youtube.com\/embed\/N5W2jqKWBUk\"><\/video><\/li><\/ul><ul class=\"amazingslider-thumbnails\"  style=\"display:none;\"><li><img class=\"amazingsliderthumbnailimg\" src=\"http:\/\/asjhunedoara.ro\/wp\/wp-content\/uploads\/2018\/09\/slide1crop-150x150.jpg\" alt=\"slide1crop\" title=\"slide1crop\" data-description=\"\" \/><\/li><li><img class=\"amazingsliderthumbnailimg\" src=\"http:\/\/asjhunedoara.ro\/wp\/wp-content\/uploads\/2018\/09\/slide2crop-150x150.jpg\" alt=\"Pet Adoption\" title=\"Pet Adoption\" data-description=\"\" \/><\/li><li><img class=\"amazingsliderthumbnailimg\" src=\"http:\/\/asjhunedoara.ro\/wp\/wp-content\/uploads\/2018\/09\/slide3crop-1-150x150.jpg\" alt=\"slide3crop\" title=\"slide3crop\" data-description=\"\" \/><\/li><li><img class=\"amazingsliderthumbnailimg\" src=\"http:\/\/asjhunedoara.ro\/wp\/wp-content\/uploads\/2018\/09\/slide-main-crop-3-150x150.jpg\" alt=\"Pet Adoption\" title=\"Pet Adoption\" data-description=\"\" \/><\/li><li><img class=\"amazingsliderthumbnailimg\" src=\"https:\/\/img.youtube.com\/vi\/N5W2jqKWBUk\/0.jpg\" alt=\"\" title=\"\" data-description=\"\" \/><\/li><\/ul><\/div><\/div>\n<p>&nbsp;<\/p>\n<p>&nbsp;<\/p>\n<p>Intrarea vizitatorilor va fi interzisa in ziua in care vor avea loc castrari si alte activitati medicale. Programul se va afisa pe site-ul asociatiei pe pagina de Adoptie pentru fiecare adapost in parte cu 48 de ore inaintea castrarilor sau a altor activitati medicale. <a href=\"http:\/\/asjhunedoara.ro\/wp-content\/uploads\/2021\/03\/dispozitia-2.pdf\">Dispozitia NR.2<\/a><\/p>\n<p><span style=\"color: #000080;\"><strong>Program vizitare si adoptii la adaposturi &#8211; Luni-Vineri 11-13<\/strong><\/span><\/p>\n<p><span style=\"color: #000080;\"><strong>Program vizitare &#8211; Sambata-Duminica 10-11<\/strong><\/span><\/p>\n<p style=\"text-align: justify;\">Asocia\u0163ia de Dezvoltare Intercomunitar\u0103<strong> \u201eServiciul jude\u0163ean pentru ocrotirea animalelor f\u0103r\u0103 st\u0103p\u00e2n\u201d<\/strong> este constituit\u0103 la nivelul unit\u0103\u021bilor administrativ teritoriale din jude\u021bul Hunedoara.<br \/>\nAsocia\u021bia a fost \u00eenfiin\u021bat\u0103 \u00een anul 2012, si a fost modificata in anul 2020 si este fondata doar la nivelul UAT-urilor din judet, avand 50 de membri si detine 5 adaposturi functionale in Brad, Simeria, Orastie, Calan, Uricani iar la finele anului 2020 adapostul din Deva.<\/p>\n<p>Asociatia are ca obiect de activitate gestionarea cainilor fara stapan de pe domeniul public al UAT-urilor membre si poate presta servicii contra cost si UAT-urilor care nu sunt membre in asociatie.<\/p>\n<p style=\"text-align: center;\">&nbsp;<\/p>\n","protected":false},"excerpt":{"rendered":"<p>&nbsp; &nbsp; Intrarea vizitatorilor va fi interzisa in ziua in care vor avea loc castrari si alte activitati medicale. Programul se va afisa pe site-ul&#8230;<\/p>\n","protected":false},"author":1,"featured_media":0,"parent":0,"menu_order":0,"comment_status":"closed","ping_status":"closed","template":"","meta":{"ngg_post_thumbnail":0},"_links":{"self":[{"href":"https:\/\/asjhunedoara.ro\/index.php?rest_route=\/wp\/v2\/pages\/68"}],"collection":[{"href":"https:\/\/asjhunedoara.ro\/index.php?rest_route=\/wp\/v2\/pages"}],"about":[{"href":"https:\/\/asjhunedoara.ro\/index.php?rest_route=\/wp\/v2\/types\/page"}],"author":[{"embeddable":true,"href":"https:\/\/asjhunedoara.ro\/index.php?rest_route=\/wp\/v2\/users\/1"}],"replies":[{"embeddable":true,"href":"https:\/\/asjhunedoara.ro\/index.php?rest_route=%2Fwp%2Fv2%2Fcomments&post=68"}],"version-history":[{"count":16,"href":"https:\/\/asjhunedoara.ro\/index.php?rest_route=\/wp\/v2\/pages\/68\/revisions"}],"predecessor-version":[{"id":348,"href":"https:\/\/asjhunedoara.ro\/index.php?rest_route=\/wp\/v2\/pages\/68\/revisions\/348"}],"wp:attachment":[{"href":"https:\/\/asjhunedoara.ro\/index.php?rest_route=%2Fwp%2Fv2%2Fmedia&parent=68"}],"curies":[{"name":"wp","href":"https:\/\/api.w.org\/{rel}","templated":true}]}}